{"id":6590,"date":"2021-09-14T14:28:22","date_gmt":"2021-09-14T14:28:22","guid":{"rendered":"http:\/\/nitrotec.eu\/materialen\/"},"modified":"2022-06-09T07:59:07","modified_gmt":"2022-06-09T07:59:07","slug":"materialien","status":"publish","type":"page","link":"https:\/\/nitrotec.eu\/de\/materialien\/","title":{"rendered":"Materialien"},"content":{"rendered":"\t\t<div data-elementor-type=\"wp-page\" data-elementor-id=\"6590\" class=\"elementor elementor-6590 elementor-5745\" data-elementor-post-type=\"page\">\n\t\t\t\t\t\t<section class=\"elementor-section elementor-top-section elementor-element elementor-element-706c1c0e elementor-section-height-min-height overlay elementor-section-items-bottom elementor-section-boxed elementor-section-height-default\" data-id=\"706c1c0e\" data-element_type=\"section\" data-e-type=\"section\" data-settings=\"{&quot;background_background&quot;:&quot;classic&quot;}\">\n\t\t\t\t\t\t\t<div class=\"elementor-background-overlay\"><\/div>\n\t\t\t\t\t\t\t<div class=\"elementor-container elementor-column-gap-default\">\n\t\t\t\t\t<div class=\"elementor-column elementor-col-100 elementor-top-column elementor-element elementor-element-491cdd8d\" data-id=\"491cdd8d\" data-element_type=\"column\" data-e-type=\"column\">\n\t\t\t<div class=\"elementor-widget-wrap elementor-element-populated\">\n\t\t\t\t\t\t<div class=\"elementor-element elementor-element-af1119c elementor-widget elementor-widget-heading\" data-id=\"af1119c\" data-element_type=\"widget\" data-e-type=\"widget\" data-widget_type=\"heading.default\">\n\t\t\t\t<div class=\"elementor-widget-container\">\n\t\t\t\t\t<h1 class=\"elementor-heading-title elementor-size-default\">Geeignete Werkstoffe<\/h1>\t\t\t\t<\/div>\n\t\t\t\t<\/div>\n\t\t\t\t<section class=\"elementor-section elementor-inner-section elementor-element elementor-element-677b3b15 elementor-section-boxed elementor-section-height-default elementor-section-height-default\" data-id=\"677b3b15\" data-element_type=\"section\" data-e-type=\"section\">\n\t\t\t\t\t\t<div class=\"elementor-container elementor-column-gap-no\">\n\t\t\t\t\t<div class=\"elementor-column elementor-col-33 elementor-inner-column elementor-element elementor-element-4a017246\" data-id=\"4a017246\" data-element_type=\"column\" data-e-type=\"column\">\n\t\t\t<div class=\"elementor-widget-wrap\">\n\t\t\t\t\t\t\t<\/div>\n\t\t<\/div>\n\t\t\t\t<div class=\"elementor-column elementor-col-33 elementor-inner-column elementor-element elementor-element-738cc4f1\" data-id=\"738cc4f1\" data-element_type=\"column\" data-e-type=\"column\">\n\t\t\t<div class=\"elementor-widget-wrap\">\n\t\t\t\t\t\t\t<\/div>\n\t\t<\/div>\n\t\t\t\t<div class=\"elementor-column elementor-col-33 elementor-inner-column elementor-element elementor-element-7de70486\" data-id=\"7de70486\" data-element_type=\"column\" data-e-type=\"column\" data-settings=\"{&quot;background_background&quot;:&quot;classic&quot;}\">\n\t\t\t<div class=\"elementor-widget-wrap elementor-element-populated\">\n\t\t\t\t\t\t<div class=\"elementor-element elementor-element-15af5d29 elementor-widget elementor-widget-heading\" data-id=\"15af5d29\" data-element_type=\"widget\" data-e-type=\"widget\" data-widget_type=\"heading.default\">\n\t\t\t\t<div class=\"elementor-widget-container\">\n\t\t\t\t\t<span class=\"elementor-heading-title elementor-size-default\">Nitrotec\u00ae<\/span>\t\t\t\t<\/div>\n\t\t\t\t<\/div>\n\t\t\t\t<div class=\"elementor-element elementor-element-4e87483f elementor-widget elementor-widget-text-editor\" data-id=\"4e87483f\" data-element_type=\"widget\" data-e-type=\"widget\" data-widget_type=\"text-editor.default\">\n\t\t\t\t<div class=\"elementor-widget-container\">\n\t\t\t\t\t\t\t\t\t<p>Ein Oberfl\u00e4chenh\u00e4rtungsprozess f\u00fcr Stahl und Gusseisen, der in einem Gasofen durchgef\u00fchrt wird, macht die Oberfl\u00e4che verschlei\u00df- und korrosionsbest\u00e4ndig.<\/p>\t\t\t\t\t\t\t\t<\/div>\n\t\t\t\t<\/div>\n\t\t\t\t<div class=\"elementor-element elementor-element-3d763728 elementor-widget elementor-widget-spacer\" data-id=\"3d763728\" data-element_type=\"widget\" data-e-type=\"widget\" data-widget_type=\"spacer.default\">\n\t\t\t\t<div class=\"elementor-widget-container\">\n\t\t\t\t\t\t\t<div class=\"elementor-spacer\">\n\t\t\t<div class=\"elementor-spacer-inner\"><\/div>\n\t\t<\/div>\n\t\t\t\t\t\t<\/div>\n\t\t\t\t<\/div>\n\t\t\t\t<div class=\"elementor-element elementor-element-3f053136 elementor-widget elementor-widget-text-editor\" data-id=\"3f053136\" data-element_type=\"widget\" data-e-type=\"widget\" data-widget_type=\"text-editor.default\">\n\t\t\t\t<div class=\"elementor-widget-container\">\n\t\t\t\t\t\t\t\t\t<p>Siehe auch die Brosch\u00fcren und Zertifikate<\/p>\t\t\t\t\t\t\t\t<\/div>\n\t\t\t\t<\/div>\n\t\t\t\t<div class=\"elementor-element elementor-element-450775e3 elementor-align-left elementor-widget elementor-widget-button\" data-id=\"450775e3\" data-element_type=\"widget\" data-e-type=\"widget\" data-widget_type=\"button.default\">\n\t\t\t\t<div class=\"elementor-widget-container\">\n\t\t\t\t\t\t\t\t\t<div class=\"elementor-button-wrapper\">\n\t\t\t\t\t<a class=\"elementor-button elementor-button-link elementor-size-sm\" href=\"https:\/\/nitrotec.eu\/de\/downloads\/\">\n\t\t\t\t\t\t<span class=\"elementor-button-content-wrapper\">\n\t\t\t\t\t\t\t\t\t<span class=\"elementor-button-text\">Downloads<\/span>\n\t\t\t\t\t<\/span>\n\t\t\t\t\t<\/a>\n\t\t\t\t<\/div>\n\t\t\t\t\t\t\t\t<\/div>\n\t\t\t\t<\/div>\n\t\t\t\t\t<\/div>\n\t\t<\/div>\n\t\t\t\t\t<\/div>\n\t\t<\/section>\n\t\t\t\t\t<\/div>\n\t\t<\/div>\n\t\t\t\t\t<\/div>\n\t\t<\/section>\n\t\t\t\t<section class=\"elementor-section elementor-top-section elementor-element elementor-element-73aa59ce elementor-section-boxed elementor-section-height-default elementor-section-height-default\" data-id=\"73aa59ce\" data-element_type=\"section\" data-e-type=\"section\">\n\t\t\t\t\t\t<div class=\"elementor-container elementor-column-gap-default\">\n\t\t\t\t\t<div class=\"elementor-column elementor-col-50 elementor-top-column elementor-element elementor-element-69da0495\" data-id=\"69da0495\" data-element_type=\"column\" data-e-type=\"column\">\n\t\t\t<div class=\"elementor-widget-wrap elementor-element-populated\">\n\t\t\t\t\t\t<div class=\"elementor-element elementor-element-cc0e375 elementor-widget elementor-widget-heading\" data-id=\"cc0e375\" data-element_type=\"widget\" data-e-type=\"widget\" data-widget_type=\"heading.default\">\n\t\t\t\t<div class=\"elementor-widget-container\">\n\t\t\t\t\t<h2 class=\"elementor-heading-title elementor-size-default\">Das Nitrotec\u00ae-Verfahren kann auf viele Werkstoffe angewendet werden, aber nicht alle Stahlsorten sind daf\u00fcr geeignet. <\/h2>\t\t\t\t<\/div>\n\t\t\t\t<\/div>\n\t\t\t\t<div class=\"elementor-element elementor-element-2096e79a elementor-widget elementor-widget-text-editor\" data-id=\"2096e79a\" data-element_type=\"widget\" data-e-type=\"widget\" data-widget_type=\"text-editor.default\">\n\t\t\t\t<div class=\"elementor-widget-container\">\n\t\t\t\t\t\t\t\t\t<p>Geeignete Werkstoffe sind:<\/p><p><strong>Stahlblech<\/strong><br \/>Unlegierter Kohlenstoffstahl bis zu 0,4 % C z.B. DO1&#8230;.DC04 (1.0330&#8230;&#8230; 1.0338)<br \/>Mikrolegierter Stahl oder HSLA-Stahl mit Zusatz von Niob (Nb)<br \/>Alle St\u00e4hle sind vorzugsweise aluminiert.<br \/>Federstahl 0,5 &#8211; 0,8 % C z.B. CK75 (1.1248)<\/p><p><strong>Werkstoff der Stange<\/strong><br \/>Verg\u00fctungsst\u00e4hle mit maximal 0,4% C. Alle Werkstoffe im Zustand Q+T, wobei die Anlasstemperatur &gt; 610 \u00b0C ist. Die bekanntesten sind zum Beispiel 42CrMo4 (1.7225) und 42CrNiMo6 (1.6565). Einsatzst\u00e4hle wie 15Cr3 (1.7015) und 16MnCr5 (1.7131) Nitrierstahl, vorzugsweise \u00fcber 610\u00b0C angelassen z.B. 31CrMoV9 (1.8519)<\/p><p>Ungeeignete Werkstoffe<br \/>Blechmaterial: Mikrolegierter Stahl (HSLA) mit Vanadium (V) und Titan (Ti)<br \/>Stabmaterial, hoch nickellegierter Stahl zur Erzielung einer hohen Kernfestigkeit, z. B. 20NiCrMo2-2 (1.6523).<\/p><p><strong>Rostfreier Stahl und chromlegierte St\u00e4hle<\/strong><br \/>F\u00fcr nichtrostende St\u00e4hle sowie legierte Chromst\u00e4hle siehe:\u00a0 www.stainihard.com<\/p><p>F\u00fcr die Nitrotec\u00ae-Behandlung von Werkzeugstahl, Gusseisen und Sinterwerkstoffen lassen Sie sich bitte von unseren Ingenieuren \u00fcber die Kontaktseite beraten.<\/p>\t\t\t\t\t\t\t\t<\/div>\n\t\t\t\t<\/div>\n\t\t\t\t\t<\/div>\n\t\t<\/div>\n\t\t\t\t<div class=\"elementor-column elementor-col-50 elementor-top-column elementor-element elementor-element-67a85cd4\" data-id=\"67a85cd4\" data-element_type=\"column\" data-e-type=\"column\">\n\t\t\t<div class=\"elementor-widget-wrap\">\n\t\t\t\t\t\t\t<\/div>\n\t\t<\/div>\n\t\t\t\t\t<\/div>\n\t\t<\/section>\n\t\t\t\t<\/div>\n\t\t","protected":false},"excerpt":{"rendered":"<p>Geeignete Werkstoffe Nitrotec\u00ae Ein Oberfl\u00e4chenh\u00e4rtungsprozess f\u00fcr Stahl und Gusseisen, der in einem Gasofen durchgef\u00fchrt wird, macht die Oberfl\u00e4che verschlei\u00df- und korrosionsbest\u00e4ndig. Siehe auch die Brosch\u00fcren und Zertifikate Downloads Das Nitrotec\u00ae-Verfahren kann auf viele Werkstoffe angewendet werden, aber nicht alle Stahlsorten sind daf\u00fcr geeignet. Geeignete Werkstoffe sind: StahlblechUnlegierter Kohlenstoffstahl bis zu 0,4 % C z.B. DO1&#8230;.DC04 [&hellip;]<\/p>\n","protected":false},"author":2,"featured_media":0,"parent":0,"menu_order":0,"comment_status":"closed","ping_status":"closed","template":"","meta":{"inline_featured_image":false,"site-sidebar-layout":"no-sidebar","site-content-layout":"page-builder","ast-site-content-layout":"default","site-content-style":"default","site-sidebar-style":"default","ast-global-header-display":"","ast-banner-title-visibility":"","ast-main-header-display":"","ast-hfb-above-header-display":"","ast-hfb-below-header-display":"","ast-hfb-mobile-header-display":"","site-post-title":"disabled","ast-breadcrumbs-content":"","ast-featured-img":"disabled","footer-sml-layout":"","ast-disable-related-posts":"","theme-transparent-header-meta":"default","adv-header-id-meta":"","stick-header-meta":"default","header-above-stick-meta":"","header-main-stick-meta":"","header-below-stick-meta":"","astra-migrate-meta-layouts":"default","ast-page-background-enabled":"default","ast-page-background-meta":{"desktop":{"background-color":"var(--ast-global-color-4)","background-image":"","background-repeat":"repeat","background-position":"center center","background-size":"auto","background-attachment":"scroll","background-type":"","background-media":"","overlay-type":"","overlay-color":"","overlay-opacity":"","overlay-gradient":""},"tablet":{"background-color":"","background-image":"","background-repeat":"repeat","background-position":"center center","background-size":"auto","background-attachment":"scroll","background-type":"","background-media":"","overlay-type":"","overlay-color":"","overlay-opacity":"","overlay-gradient":""},"mobile":{"background-color":"","background-image":"","background-repeat":"repeat","background-position":"center center","background-size":"auto","background-attachment":"scroll","background-type":"","background-media":"","overlay-type":"","overlay-color":"","overlay-opacity":"","overlay-gradient":""}},"ast-content-background-meta":{"desktop":{"background-color":"var(--ast-global-color-5)","background-image":"","background-repeat":"repeat","background-position":"center center","background-size":"auto","background-attachment":"scroll","background-type":"","background-media":"","overlay-type":"","overlay-color":"","overlay-opacity":"","overlay-gradient":""},"tablet":{"background-color":"var(--ast-global-color-5)","background-image":"","background-repeat":"repeat","background-position":"center center","background-size":"auto","background-attachment":"scroll","background-type":"","background-media":"","overlay-type":"","overlay-color":"","overlay-opacity":"","overlay-gradient":""},"mobile":{"background-color":"var(--ast-global-color-5)","background-image":"","background-repeat":"repeat","background-position":"center center","background-size":"auto","background-attachment":"scroll","background-type":"","background-media":"","overlay-type":"","overlay-color":"","overlay-opacity":"","overlay-gradient":""}},"footnotes":""},"class_list":["post-6590","page","type-page","status-publish","hentry"],"_links":{"self":[{"href":"https:\/\/nitrotec.eu\/de\/wp-json\/wp\/v2\/pages\/6590","targetHints":{"allow":["GET"]}}],"collection":[{"href":"https:\/\/nitrotec.eu\/de\/wp-json\/wp\/v2\/pages"}],"about":[{"href":"https:\/\/nitrotec.eu\/de\/wp-json\/wp\/v2\/types\/page"}],"author":[{"embeddable":true,"href":"https:\/\/nitrotec.eu\/de\/wp-json\/wp\/v2\/users\/2"}],"replies":[{"embeddable":true,"href":"https:\/\/nitrotec.eu\/de\/wp-json\/wp\/v2\/comments?post=6590"}],"version-history":[{"count":7,"href":"https:\/\/nitrotec.eu\/de\/wp-json\/wp\/v2\/pages\/6590\/revisions"}],"predecessor-version":[{"id":7001,"href":"https:\/\/nitrotec.eu\/de\/wp-json\/wp\/v2\/pages\/6590\/revisions\/7001"}],"wp:attachment":[{"href":"https:\/\/nitrotec.eu\/de\/wp-json\/wp\/v2\/media?parent=6590"}],"curies":[{"name":"wp","href":"https:\/\/api.w.org\/{rel}","templated":true}]}}