{"id":6637,"date":"2021-09-14T14:28:22","date_gmt":"2021-09-14T14:28:22","guid":{"rendered":"http:\/\/nitrotec.eu\/materialen\/"},"modified":"2022-06-09T07:59:39","modified_gmt":"2022-06-09T07:59:39","slug":"materiaux","status":"publish","type":"page","link":"https:\/\/nitrotec.eu\/fr\/materiaux\/","title":{"rendered":"Mat\u00e9riaux"},"content":{"rendered":"\t\t<div data-elementor-type=\"wp-page\" data-elementor-id=\"6637\" class=\"elementor elementor-6637 elementor-5745\" data-elementor-post-type=\"page\">\n\t\t\t\t\t\t<section class=\"elementor-section elementor-top-section elementor-element elementor-element-706c1c0e elementor-section-height-min-height overlay elementor-section-items-bottom elementor-section-boxed elementor-section-height-default\" data-id=\"706c1c0e\" data-element_type=\"section\" data-e-type=\"section\" data-settings=\"{&quot;background_background&quot;:&quot;classic&quot;}\">\n\t\t\t\t\t\t\t<div class=\"elementor-background-overlay\"><\/div>\n\t\t\t\t\t\t\t<div class=\"elementor-container elementor-column-gap-default\">\n\t\t\t\t\t<div class=\"elementor-column elementor-col-100 elementor-top-column elementor-element elementor-element-491cdd8d\" data-id=\"491cdd8d\" data-element_type=\"column\" data-e-type=\"column\">\n\t\t\t<div class=\"elementor-widget-wrap elementor-element-populated\">\n\t\t\t\t\t\t<div class=\"elementor-element elementor-element-af1119c elementor-widget elementor-widget-heading\" data-id=\"af1119c\" data-element_type=\"widget\" data-e-type=\"widget\" data-widget_type=\"heading.default\">\n\t\t\t\t<div class=\"elementor-widget-container\">\n\t\t\t\t\t<h1 class=\"elementor-heading-title elementor-size-default\">Mat\u00e9riaux appropri\u00e9s<\/h1>\t\t\t\t<\/div>\n\t\t\t\t<\/div>\n\t\t\t\t<section class=\"elementor-section elementor-inner-section elementor-element elementor-element-677b3b15 elementor-section-boxed elementor-section-height-default elementor-section-height-default\" data-id=\"677b3b15\" data-element_type=\"section\" data-e-type=\"section\">\n\t\t\t\t\t\t<div class=\"elementor-container elementor-column-gap-no\">\n\t\t\t\t\t<div class=\"elementor-column elementor-col-33 elementor-inner-column elementor-element elementor-element-4a017246\" data-id=\"4a017246\" data-element_type=\"column\" data-e-type=\"column\">\n\t\t\t<div class=\"elementor-widget-wrap\">\n\t\t\t\t\t\t\t<\/div>\n\t\t<\/div>\n\t\t\t\t<div class=\"elementor-column elementor-col-33 elementor-inner-column elementor-element elementor-element-738cc4f1\" data-id=\"738cc4f1\" data-element_type=\"column\" data-e-type=\"column\">\n\t\t\t<div class=\"elementor-widget-wrap\">\n\t\t\t\t\t\t\t<\/div>\n\t\t<\/div>\n\t\t\t\t<div class=\"elementor-column elementor-col-33 elementor-inner-column elementor-element elementor-element-7de70486\" data-id=\"7de70486\" data-element_type=\"column\" data-e-type=\"column\" data-settings=\"{&quot;background_background&quot;:&quot;classic&quot;}\">\n\t\t\t<div class=\"elementor-widget-wrap elementor-element-populated\">\n\t\t\t\t\t\t<div class=\"elementor-element elementor-element-15af5d29 elementor-widget elementor-widget-heading\" data-id=\"15af5d29\" data-element_type=\"widget\" data-e-type=\"widget\" data-widget_type=\"heading.default\">\n\t\t\t\t<div class=\"elementor-widget-container\">\n\t\t\t\t\t<span class=\"elementor-heading-title elementor-size-default\">Nitrotec\u00ae<\/span>\t\t\t\t<\/div>\n\t\t\t\t<\/div>\n\t\t\t\t<div class=\"elementor-element elementor-element-4e87483f elementor-widget elementor-widget-text-editor\" data-id=\"4e87483f\" data-element_type=\"widget\" data-e-type=\"widget\" data-widget_type=\"text-editor.default\">\n\t\t\t\t<div class=\"elementor-widget-container\">\n\t\t\t\t\t\t\t\t\t<p>Un proc\u00e9d\u00e9 de durcissement superficiel de l&rsquo;acier et de la fonte, effectu\u00e9 dans un four \u00e0 gaz, rend la surface r\u00e9sistante \u00e0 l&rsquo;usure et \u00e0 la corrosion.<\/p>\t\t\t\t\t\t\t\t<\/div>\n\t\t\t\t<\/div>\n\t\t\t\t<div class=\"elementor-element elementor-element-3d763728 elementor-widget elementor-widget-spacer\" data-id=\"3d763728\" data-element_type=\"widget\" data-e-type=\"widget\" data-widget_type=\"spacer.default\">\n\t\t\t\t<div class=\"elementor-widget-container\">\n\t\t\t\t\t\t\t<div class=\"elementor-spacer\">\n\t\t\t<div class=\"elementor-spacer-inner\"><\/div>\n\t\t<\/div>\n\t\t\t\t\t\t<\/div>\n\t\t\t\t<\/div>\n\t\t\t\t<div class=\"elementor-element elementor-element-3f053136 elementor-widget elementor-widget-text-editor\" data-id=\"3f053136\" data-element_type=\"widget\" data-e-type=\"widget\" data-widget_type=\"text-editor.default\">\n\t\t\t\t<div class=\"elementor-widget-container\">\n\t\t\t\t\t\t\t\t\t<p>Voir aussi les brochures et les certificats<\/p>\t\t\t\t\t\t\t\t<\/div>\n\t\t\t\t<\/div>\n\t\t\t\t<div class=\"elementor-element elementor-element-450775e3 elementor-align-left elementor-widget elementor-widget-button\" data-id=\"450775e3\" data-element_type=\"widget\" data-e-type=\"widget\" data-widget_type=\"button.default\">\n\t\t\t\t<div class=\"elementor-widget-container\">\n\t\t\t\t\t\t\t\t\t<div class=\"elementor-button-wrapper\">\n\t\t\t\t\t<a class=\"elementor-button elementor-button-link elementor-size-sm\" href=\"https:\/\/nitrotec.eu\/fr\/downloads\/\">\n\t\t\t\t\t\t<span class=\"elementor-button-content-wrapper\">\n\t\t\t\t\t\t\t\t\t<span class=\"elementor-button-text\">t\u00e9l\u00e9chargements<\/span>\n\t\t\t\t\t<\/span>\n\t\t\t\t\t<\/a>\n\t\t\t\t<\/div>\n\t\t\t\t\t\t\t\t<\/div>\n\t\t\t\t<\/div>\n\t\t\t\t\t<\/div>\n\t\t<\/div>\n\t\t\t\t\t<\/div>\n\t\t<\/section>\n\t\t\t\t\t<\/div>\n\t\t<\/div>\n\t\t\t\t\t<\/div>\n\t\t<\/section>\n\t\t\t\t<section class=\"elementor-section elementor-top-section elementor-element elementor-element-73aa59ce elementor-section-boxed elementor-section-height-default elementor-section-height-default\" data-id=\"73aa59ce\" data-element_type=\"section\" data-e-type=\"section\">\n\t\t\t\t\t\t<div class=\"elementor-container elementor-column-gap-default\">\n\t\t\t\t\t<div class=\"elementor-column elementor-col-50 elementor-top-column elementor-element elementor-element-69da0495\" data-id=\"69da0495\" data-element_type=\"column\" data-e-type=\"column\">\n\t\t\t<div class=\"elementor-widget-wrap elementor-element-populated\">\n\t\t\t\t\t\t<div class=\"elementor-element elementor-element-cc0e375 elementor-widget elementor-widget-heading\" data-id=\"cc0e375\" data-element_type=\"widget\" data-e-type=\"widget\" data-widget_type=\"heading.default\">\n\t\t\t\t<div class=\"elementor-widget-container\">\n\t\t\t\t\t<h2 class=\"elementor-heading-title elementor-size-default\">Le proc\u00e9d\u00e9 Nitrotec\u00ae peut \u00eatre appliqu\u00e9 \u00e0 de nombreux mat\u00e9riaux, mais toutes les nuances d'acier ne conviennent pas.<\/h2>\t\t\t\t<\/div>\n\t\t\t\t<\/div>\n\t\t\t\t<div class=\"elementor-element elementor-element-2096e79a elementor-widget elementor-widget-text-editor\" data-id=\"2096e79a\" data-element_type=\"widget\" data-e-type=\"widget\" data-widget_type=\"text-editor.default\">\n\t\t\t\t<div class=\"elementor-widget-container\">\n\t\t\t\t\t\t\t\t\t<p><strong>Les mat\u00e9riaux appropri\u00e9s sont :<\/strong><\/p><p><strong>Mat\u00e9riau de la feuille<\/strong><br \/>Acier au carbone non alli\u00e9 jusqu&rsquo;\u00e0 0,4 % C par exemple DO1&#8230;.DC04 (1.0330&#8230;&#8230; 1.0338)<br \/>Acier microalli\u00e9 ou acier HSLA avec ajout de Niobium (Nb)<br \/>Tous les aciers sont de pr\u00e9f\u00e9rence aluminis\u00e9s.<br \/>Acier \u00e0 ressort 0,5 &#8211; 0,8 % C par exemple CK75 (1.1248)<\/p><p><strong>Mat\u00e9riau de la tige<\/strong><br \/>Aciers de finition avec jusqu&rsquo;\u00e0 0,4% de C. Tous les mat\u00e9riaux en condition Q+T, o\u00f9 la temp\u00e9rature de revenu est &gt; 610 \u00b0C. Les plus courants sont par exemple le 42CrMo4 (1.7225) et le 42CrNiMo6 (1.6565). Inserts, par exemple 15Cr3 (1.7015) et 16MnCr5 (1.7131) Acier nitrate, de pr\u00e9f\u00e9rence tremp\u00e9 au-dessus de 610\u00b0C, par exemple 31CrMoV9 (1.8519)<\/p><p><strong>Mat\u00e9riaux inadapt\u00e9s<\/strong><br \/>Mat\u00e9riau de la t\u00f4le : acier microalli\u00e9 (HSLA) avec vanadium (V) et titane (Ti)<br \/>Mat\u00e9riau de la tige : acier alli\u00e9 \u00e0 haute teneur en nickel pour obtenir une r\u00e9sistance \u00e9lev\u00e9e du noyau, par exemple 20NiCrMo2-2 (1.6523).<\/p><p><strong>Acier inoxydable et aciers alli\u00e9s au chrome<\/strong><br \/>Pour les nuances d&rsquo;acier inoxydable ainsi que les aciers au chrome alli\u00e9s, veuillez consulter le site : www.stainihard.com.<\/p><p>Pour le traitement Nitrotec\u00ae de l&rsquo;acier \u00e0 outils, de la fonte et des mat\u00e9riaux fritt\u00e9s, veuillez demander conseil \u00e0 nos ing\u00e9nieurs via la page de contact.<\/p>\t\t\t\t\t\t\t\t<\/div>\n\t\t\t\t<\/div>\n\t\t\t\t\t<\/div>\n\t\t<\/div>\n\t\t\t\t<div class=\"elementor-column elementor-col-50 elementor-top-column elementor-element elementor-element-67a85cd4\" data-id=\"67a85cd4\" data-element_type=\"column\" data-e-type=\"column\">\n\t\t\t<div class=\"elementor-widget-wrap\">\n\t\t\t\t\t\t\t<\/div>\n\t\t<\/div>\n\t\t\t\t\t<\/div>\n\t\t<\/section>\n\t\t\t\t<\/div>\n\t\t","protected":false},"excerpt":{"rendered":"<p>Mat\u00e9riaux appropri\u00e9s Nitrotec\u00ae Un proc\u00e9d\u00e9 de durcissement superficiel de l&rsquo;acier et de la fonte, effectu\u00e9 dans un four \u00e0 gaz, rend la surface r\u00e9sistante \u00e0 l&rsquo;usure et \u00e0 la corrosion. Voir aussi les brochures et les certificats t\u00e9l\u00e9chargements Le proc\u00e9d\u00e9 Nitrotec\u00ae peut \u00eatre appliqu\u00e9 \u00e0 de nombreux mat\u00e9riaux, mais toutes les nuances d&rsquo;acier ne conviennent [&hellip;]<\/p>\n","protected":false},"author":2,"featured_media":0,"parent":0,"menu_order":0,"comment_status":"closed","ping_status":"closed","template":"","meta":{"inline_featured_image":false,"site-sidebar-layout":"no-sidebar","site-content-layout":"page-builder","ast-site-content-layout":"default","site-content-style":"default","site-sidebar-style":"default","ast-global-header-display":"","ast-banner-title-visibility":"","ast-main-header-display":"","ast-hfb-above-header-display":"","ast-hfb-below-header-display":"","ast-hfb-mobile-header-display":"","site-post-title":"disabled","ast-breadcrumbs-content":"","ast-featured-img":"disabled","footer-sml-layout":"","ast-disable-related-posts":"","theme-transparent-header-meta":"default","adv-header-id-meta":"","stick-header-meta":"default","header-above-stick-meta":"","header-main-stick-meta":"","header-below-stick-meta":"","astra-migrate-meta-layouts":"default","ast-page-background-enabled":"default","ast-page-background-meta":{"desktop":{"background-color":"var(--ast-global-color-4)","background-image":"","background-repeat":"repeat","background-position":"center center","background-size":"auto","background-attachment":"scroll","background-type":"","background-media":"","overlay-type":"","overlay-color":"","overlay-opacity":"","overlay-gradient":""},"tablet":{"background-color":"","background-image":"","background-repeat":"repeat","background-position":"center center","background-size":"auto","background-attachment":"scroll","background-type":"","background-media":"","overlay-type":"","overlay-color":"","overlay-opacity":"","overlay-gradient":""},"mobile":{"background-color":"","background-image":"","background-repeat":"repeat","background-position":"center center","background-size":"auto","background-attachment":"scroll","background-type":"","background-media":"","overlay-type":"","overlay-color":"","overlay-opacity":"","overlay-gradient":""}},"ast-content-background-meta":{"desktop":{"background-color":"var(--ast-global-color-5)","background-image":"","background-repeat":"repeat","background-position":"center center","background-size":"auto","background-attachment":"scroll","background-type":"","background-media":"","overlay-type":"","overlay-color":"","overlay-opacity":"","overlay-gradient":""},"tablet":{"background-color":"var(--ast-global-color-5)","background-image":"","background-repeat":"repeat","background-position":"center center","background-size":"auto","background-attachment":"scroll","background-type":"","background-media":"","overlay-type":"","overlay-color":"","overlay-opacity":"","overlay-gradient":""},"mobile":{"background-color":"var(--ast-global-color-5)","background-image":"","background-repeat":"repeat","background-position":"center center","background-size":"auto","background-attachment":"scroll","background-type":"","background-media":"","overlay-type":"","overlay-color":"","overlay-opacity":"","overlay-gradient":""}},"footnotes":""},"class_list":["post-6637","page","type-page","status-publish","hentry"],"_links":{"self":[{"href":"https:\/\/nitrotec.eu\/fr\/wp-json\/wp\/v2\/pages\/6637","targetHints":{"allow":["GET"]}}],"collection":[{"href":"https:\/\/nitrotec.eu\/fr\/wp-json\/wp\/v2\/pages"}],"about":[{"href":"https:\/\/nitrotec.eu\/fr\/wp-json\/wp\/v2\/types\/page"}],"author":[{"embeddable":true,"href":"https:\/\/nitrotec.eu\/fr\/wp-json\/wp\/v2\/users\/2"}],"replies":[{"embeddable":true,"href":"https:\/\/nitrotec.eu\/fr\/wp-json\/wp\/v2\/comments?post=6637"}],"version-history":[{"count":10,"href":"https:\/\/nitrotec.eu\/fr\/wp-json\/wp\/v2\/pages\/6637\/revisions"}],"predecessor-version":[{"id":7004,"href":"https:\/\/nitrotec.eu\/fr\/wp-json\/wp\/v2\/pages\/6637\/revisions\/7004"}],"wp:attachment":[{"href":"https:\/\/nitrotec.eu\/fr\/wp-json\/wp\/v2\/media?parent=6637"}],"curies":[{"name":"wp","href":"https:\/\/api.w.org\/{rel}","templated":true}]}}